{"id":310,"date":"2021-04-15T03:39:28","date_gmt":"2021-04-15T03:39:28","guid":{"rendered":"https:\/\/tatto3s.com\/?post_type=product&#038;p=310"},"modified":"2021-04-15T03:39:49","modified_gmt":"2021-04-15T03:39:49","slug":"nitro-tech-10lbs-vanilla","status":"publish","type":"product","link":"https:\/\/tatto3s.com\/?product=nitro-tech-10lbs-vanilla","title":{"rendered":"NITRO TECH (10lbs) &#8211; Vanilla"},"content":{"rendered":"<p>&#8211; KH\u00d4NG pha tr\u1ed9n t\u1ea1p ch\u1ea5t<\/p>\n<p>&#8211; KH\u00d4NG gi\u1ea3m thi\u1ec3u nh\u1eefng th\u00e0nh ph\u1ea7n ch\u00ednh<\/p>\n<p>&#8211; KH\u00d4NG c\u00e1c ch\u1ea5t c\u1ea5m<\/p>\n<p>&#8211; KH\u00d4NG ch\u1ea5t \u0111\u1ed9n<\/p>\n<p>&#8211; KH\u00d4NG qu\u1ea3ng c\u00e1o th\u1ed5i ph\u1ed3ng<\/p>\n<p>&#8211; KH\u00d4NG c\u00f3 ngo\u1ea1i l\u1ec7<\/p>\n<p><strong>C\u00f4ng th\u1ee9c Protein c\u00f3 h\u01b0\u01a1ng v\u1ecb t\u1ef1 nhi\u00ean m\u1ea1nh m\u1ebd nh\u1ea5t hi\u1ec7n nay<\/strong><\/p>\n<p>NITRO-TECH NATURALLY FLAVORED l\u00e0 m\u1ed9t c\u00f4ng th\u1ee9c x\u00e2y d\u1ef1ng c\u01a1 nac Whey + Isolate \u0111\u01b0\u1ee3c ch\u1ebf t\u1ea1o m\u1ed9t c\u00e1ch khoa h\u1ecdc, \u0111\u01b0\u1ee3c thi\u1ebft k\u1ebf cho t\u1ea5t c\u1ea3 c\u00e1c v\u1eadn \u0111\u1ed9ng vi\u00ean \u0111ang mu\u1ed1n c\u00f3 nhi\u1ec1u c\u01a1 b\u1eafp h\u01a1n, nhi\u1ec1u s\u1ee9c m\u1ea1nh h\u01a1n v\u00e0 hi\u1ec7u su\u1ea5t t\u1ed1t h\u01a1n. N\u00f3 ch\u1ee9a Protein c\u00f3 ngu\u1ed3n g\u1ed1c ch\u1ee7 y\u1ebfu t\u1eeb Whey Protein Peptide v\u00e0 Whey Isolate &#8211; hai trong s\u1ed1 c\u00e1c ngu\u1ed3n protein s\u1ea1ch v\u00e0 tinh khi\u1ebft nh\u1ea5t c\u00f3 s\u1eb5n cho c\u00e1c v\u1eadn \u0111\u1ed9ng vi\u00ean. NITRO-TECH NATURALLY FLAVORED c\u0169ng \u0111\u01b0\u1ee3c th\u00eam m\u1ed9t h\u00e0m l\u01b0\u1ee3ng Creatine \u0111\u01b0\u1ee3c nghi\u00ean c\u1ee9u nhi\u1ec1u nh\u1ea5t gi\u00fap t\u0103ng c\u01b0\u1eddng c\u01a1 b\u1eafp v\u00e0 s\u1ee9c m\u1ea1nh t\u1ed1t h\u01a1n.<\/p>\n<p><img decoding=\"async\" src=\"https:\/\/tatto3s.com\/wp-content\/uploads\/2021\/04\/nitro-tech-naturally-flavored-4lbs-305.jpg\" alt=\"\" \/><\/p>\n<p>&nbsp;<\/p>\n<p><b>T\u0102NG C\u01a0 N\u1ea0C T\u1ed0T H\u01a0N 70% SO V\u1edaI WHEY TH\u00d4NG TH\u01af\u1edcNG<\/b><\/p>\n<p><strong><img decoding=\"async\" src=\"https:\/\/tatto3s.com\/wp-content\/uploads\/2021\/04\/nitro-tech-naturally-flavored-4lbs-305-1.jpg\" alt=\"\" \/><\/strong><\/p>\n<p>Trong 6 tu\u1ea7n, nghi\u00ean c\u1ee9u m\u00f9 \u0111\u00f4i v\u1edbi 36 \u0111\u1ed1i t\u01b0\u1ee3ng tham gia th\u1eed nghi\u1ec7m c\u00f3 \u00edt nh\u1ea5t 3 n\u0103m kinh nghi\u1ec7m t\u1eadp t\u1ea1 \u0111\u01b0\u1ee3c chia th\u00e0nh 3 nh\u00f3m, c\u00e1c \u0111\u1ed1i t\u01b0\u1ee3ng n\u00e0y k\u1ebft h\u1ee3p v\u1edbi c\u00e1c th\u00e0nh ph\u1ea7n c\u1ed1t l\u00f5i trong NITRO-TECH NATURALLY FLAVORED c\u00f9ng v\u1edbi m\u1ed9t ch\u01b0\u01a1ng tr\u00ecnh t\u1eadp t\u1ea1 \u0111\u00e3 \u0111\u1ea1t nhi\u1ec1u h\u01a1n 70% c\u01a1 n\u1ea1c so v\u1edbi nh\u00f3m s\u1eed d\u1ee5ng d\u00f2ng whey th\u00f4ng th\u01b0\u1eddng (8,8 so v\u1edbi 5,1 lbs.) v\u00e0 t\u0103ng m\u1ee9c \u0111\u1ea9y t\u1ea1 khi t\u1eadp ng\u1ef1c nhi\u1ec1u h\u01a1n c\u00e1c \u0111\u1ed1i t\u01b0\u1ee3ng s\u1eed d\u1ee5ng protein whey th\u00f4ng th\u01b0\u1eddng (34 so v\u1edbi 14 lbs.). Nh\u1eefng \u0111\u1ed1i t\u01b0\u1ee3ng n\u00e0y th\u1eadm ch\u00ed \u0111\u00e3 \u0111\u1ea1t \u0111\u01b0\u1ee3c g\u1ea5p 4 l\u1ea7n l\u01b0\u1ee3ng c\u01a1 n\u1ea1c so v\u1edbi nh\u1eefng \u0111\u1ed1i t\u01b0\u1ee3ng d\u00f9ng gi\u1ea3 d\u01b0\u1ee3c (8.8 so v\u1edbi 2.0 lbs). C\u00f4ng th\u1ee9c n\u00e0y cung c\u1ea5p 30g protein t\u1eeb protein si\u00eau tinh khi\u1ebft. Th\u00eam v\u00e0o \u0111\u00f3, n\u00f3 cung c\u1ea5p m\u1ed9t l\u01b0\u1ee3ng creatine \u0111\u00e3 \u0111\u01b0\u1ee3c ch\u1ee9ng m\u00ecnh l\u00e2m s\u00e0ng.<\/p>\n<p><strong>X\u00e2y d\u1ef1ng s\u1ee9c m\u1ea1nh h\u01a1n Whey protein th\u00f4ng th\u01b0\u1eddng<\/strong><\/p>\n<p>M\u1ed7i mu\u1ed7ng NITRO-TECH NATURALLY FLAVORED ch\u1ee9a m\u1ed9t l\u01b0\u1ee3ng Creatine Monohydrate (3g) \u0111\u00e3 \u0111\u01b0\u1ee3c ch\u1ee9ng minh trong nghi\u00ean c\u1ee9u. S\u1ef1 k\u1ebft h\u1ee3p whey protein v\u00e0 creatine trong NITRO-TECH NATURALLY FLAVORED \u0111\u00e3 x\u00e2y d\u1ef1ng s\u1ee9c m\u1ea1nh nhi\u1ec1u h\u01a1n whey protein th\u00f4ng th\u01b0\u1eddng. Trong m\u1ed9t nghi\u00ean c\u1ee9u, nh\u1eefng \u0111\u1ed1i t\u01b0\u1ee3ng s\u1eed d\u1ee5ng whey\/creatine k\u1ebft h\u1ee3p trong Nitro Tech t\u0103ng m\u1ee9c \u0111\u1ea9y t\u1ea1 khi t\u1eadp ng\u1ef1c l\u1eb7p l\u1ea1i t\u1ed1i \u0111a (1-rep) c\u1ee7a h\u1ecd \u0111\u1ebfn 34 lbs. (15.4kg) so v\u1edbi ch\u1ec9 14 lbs. (6.34kg) v\u1edbi nh\u1eefng \u0111\u1ed1i t\u01b0\u1ee3ng d\u00f9ng whey th\u00f4ng th\u01b0\u1eddng.<\/p>\n<p><strong>C\u00f4ng th\u1ee9c Protein si\u00eau s\u1ea1ch<\/strong><\/p>\n<p>M\u1ed7i mu\u1ed7ng NITRO-TECH NATURALLY FLAVORED ch\u1ee9a 30g protein, ch\u1ee7 y\u1ebfu t\u1eeb Whey Protein Peptides v\u00e0 Whey Isolate, ch\u1ec9 v\u1edbi 3g Carb v\u00e0 2.5g ch\u1ea5t b\u00e9o. H\u1ea7u h\u1ebft c\u00e1c lo\u1ea1i b\u1ed9t protein \u0111\u1ec1u cung c\u1ea5p \u00edt h\u01a1n \u0111\u00e1ng k\u1ec3 so v\u1edbi l\u01b0\u1ee3ng protein trong m\u1ed7i mu\u1ed7ng, trong khi c\u00f4ng th\u1ee9c c\u1ee7a m\u1ed9t s\u1ed1 protein v\u1eabn c\u00f2n ch\u1ea5t b\u00e9o v\u00e0 carbs. C\u00f2n Whey protein trong NITRO-TECH NATURALLY FLAVORED \u0111\u01b0\u1ee3c l\u1ecdc v\u1edbi c\u00f4ng ngh\u1ec7 l\u1ecdc nhi\u1ec1u giai \u0111o\u1ea1n cho \u00edt ch\u1ea5t b\u00e9o, \u0111\u01b0\u1eddng v\u00e0 t\u1ea1p ch\u1ea5t h\u01a1n so nh\u1eefng ngu\u1ed3n Protein r\u1ebb h\u01a1n.<\/p>\n<p><strong>H\u01b0\u01a1ng v\u1ecb\u00a0<\/strong><strong>t\u1ef1 nhi\u00ean tuy\u1ec7t nh\u1ea5t trong ph\u00e2n kh\u00fac<\/strong><\/p>\n<p>Th\u01b0\u1edfng th\u1ee9c h\u01b0\u01a1ng v\u1ecb h\u1ea5p d\u1eabn, phong ph\u00fa trong m\u1ed7i mu\u1ed7ng m\u00e0 kh\u00f4ng c\u00f3 b\u1ea5t k\u1ef3 ch\u1ea5t t\u1ea1o m\u00e0u, t\u1ea1o ng\u1ecdt n\u00e0o<strong>.<\/strong><\/p>\n<p><strong>Gi\u00e1 tr\u1ecb mang l\u1ea1i\u00a0nhi\u1ec1u h\u01a1n so v\u1edbi s\u1ed1 ti\u1ec1n b\u1ea1n b\u1ecf ra<\/strong><\/p>\n<p>Kh\u00f4ng nh\u01b0 nh\u1eefng \u0111\u1ed1i th\u1ee7 c\u1ea1nh tranh kh\u00e1c, nh\u1eefng s\u1ea3n ph\u1ea9m c\u1ee7a Performance Series ch\u1ee9a nh\u1eefng th\u00e0nh ph\u1ea7n ch\u00ednh \u0111\u01b0\u1ee3c cung c\u1ea5p v\u1edbi s\u1ed1 li\u1ec7u l\u00e2m s\u00e0ng \u0111\u00e3 \u0111\u01b0\u1ee3c\u00a0c\u00f4ng b\u1ed1 \u0111\u1ea7y \u0111\u1ee7 v\u00ec v\u1eady b\u1ea1n bi\u1ebft \u0111\u01b0\u1ee3c ch\u00ednh x\u00e1c nh\u1eefng g\u00ec m\u00e0 b\u1ea1n \u0111ang chi tr\u1ea3 cho ch\u00fang.<\/p>\n<p><strong>H\u01b0\u1edbng d\u1eabn:<\/strong><strong>\u00a0<\/strong>Pha 1 l\u01b0\u1ee3ng d\u00f9ng (1 mu\u1ed7ng) v\u1edbi 6 oz ho\u1eb7c 2 l\u01b0\u1ee3ng d\u00f9ng (2 mu\u1ed7ng) v\u1edbi 12 oz n\u01b0\u1edbc l\u1ea1nh ho\u1eb7c s\u1eefa t\u00e1ch kem trong ly th\u1ee7y tinh ho\u1eb7c b\u00ecnh l\u1eafc. S\u1eed d\u1ee5ng gi\u1eefa c\u00e1c b\u1eefa \u0103n ch\u00ednh v\u00e0 tr\u01b0\u1edbc v\u00e0 sau khi t\u1eadp luy\u1ec7n. Duy tr\u00ec tr\u1ea1ng th\u00e1i \u0111\u1ee7 n\u01b0\u1edbc trong qu\u00e1 tr\u00ecnh s\u1eed d\u1ee5ng. \u0110\u1ec3 c\u00f3 k\u1ebft qu\u1ea3 t\u1ed1t nh\u1ea5t, h\u00e3y ti\u00eau th\u1ee5 4 mu\u1ed7ng NITRO TECH NATURALLY FLAVORED m\u1ed7i ng\u00e0y trong t\u1ed1i thi\u1ec3u l\u00e0 6 tu\u1ea7n.<\/p>\n","protected":false},"excerpt":{"rendered":"<p>&#8211; KH\u00d4NG pha tr\u1ed9n t\u1ea1p ch\u1ea5t &#8211; KH\u00d4NG gi\u1ea3m thi\u1ec3u nh\u1eefng th\u00e0nh ph\u1ea7n ch\u00ednh &#8211; KH\u00d4NG c\u00e1c ch\u1ea5t c\u1ea5m &#8211; KH\u00d4NG ch\u1ea5t \u0111\u1ed9n &#8211; KH\u00d4NG qu\u1ea3ng c\u00e1o th\u1ed5i ph\u1ed3ng &#8211; KH\u00d4NG c\u00f3 ngo\u1ea1i l\u1ec7 C\u00f4ng th\u1ee9c Protein c\u00f3 h\u01b0\u01a1ng v\u1ecb t\u1ef1 nhi\u00ean m\u1ea1nh m\u1ebd nh\u1ea5t hi\u1ec7n nay NITRO-TECH NATURALLY FLAVORED l\u00e0 m\u1ed9t c\u00f4ng th\u1ee9c x\u00e2y&#8230;<\/p>\n","protected":false},"featured_media":0,"comment_status":"open","ping_status":"closed","template":"","meta":[],"product_cat":[32],"product_tag":[],"class_list":{"0":"post-310","1":"product","2":"type-product","3":"status-publish","5":"product_cat-phu-kien-xam","7":"first","8":"instock","9":"shipping-taxable","10":"purchasable","11":"product-type-simple"},"yoast_head":"<!-- This site is optimized with the Yoast SEO plugin v20.3 - https:\/\/yoast.com\/wordpress\/plugins\/seo\/ -->\n<title>NITRO TECH (10lbs) - Vanilla - D\u1ecbch v\u1ee5 x\u0103m h\u00ecnh<\/title>\n<meta name=\"robots\" content=\"index, follow, max-snippet:-1, max-image-preview:large, max-video-preview:-1\" \/>\n<link rel=\"canonical\" href=\"https:\/\/tatto3s.com\/?product=nitro-tech-10lbs-vanilla\" \/>\n<meta property=\"og:locale\" content=\"vi_VN\" \/>\n<meta property=\"og:type\" content=\"article\" \/>\n<meta property=\"og:title\" content=\"NITRO TECH (10lbs) - Vanilla - D\u1ecbch v\u1ee5 x\u0103m h\u00ecnh\" \/>\n<meta property=\"og:description\" content=\"&#8211; KH\u00d4NG pha tr\u1ed9n t\u1ea1p ch\u1ea5t &#8211; KH\u00d4NG gi\u1ea3m thi\u1ec3u nh\u1eefng th\u00e0nh ph\u1ea7n ch\u00ednh &#8211; KH\u00d4NG c\u00e1c ch\u1ea5t c\u1ea5m &#8211; KH\u00d4NG ch\u1ea5t \u0111\u1ed9n &#8211; KH\u00d4NG qu\u1ea3ng c\u00e1o th\u1ed5i ph\u1ed3ng &#8211; KH\u00d4NG c\u00f3 ngo\u1ea1i l\u1ec7 C\u00f4ng th\u1ee9c Protein c\u00f3 h\u01b0\u01a1ng v\u1ecb t\u1ef1 nhi\u00ean m\u1ea1nh m\u1ebd nh\u1ea5t hi\u1ec7n nay NITRO-TECH NATURALLY FLAVORED l\u00e0 m\u1ed9t c\u00f4ng th\u1ee9c x\u00e2y...\" \/>\n<meta property=\"og:url\" content=\"https:\/\/tatto3s.com\/?product=nitro-tech-10lbs-vanilla\" \/>\n<meta property=\"og:site_name\" content=\"D\u1ecbch v\u1ee5 x\u0103m h\u00ecnh\" \/>\n<meta property=\"article:modified_time\" content=\"2021-04-15T03:39:49+00:00\" \/>\n<meta property=\"og:image\" content=\"https:\/\/tatto3s.com\/wp-content\/uploads\/2021\/04\/nitro-tech-naturally-flavored-4lbs-305.jpg\" \/>\n<meta name=\"twitter:card\" content=\"summary_large_image\" \/>\n<meta name=\"twitter:label1\" content=\"\u01af\u1edbc t\u00ednh th\u1eddi gian \u0111\u1ecdc\" \/>\n\t<meta name=\"twitter:data1\" content=\"4 ph\u00fat\" \/>\n<script type=\"application\/ld+json\" class=\"yoast-schema-graph\">{\"@context\":\"https:\/\/schema.org\",\"@graph\":[{\"@type\":\"WebPage\",\"@id\":\"https:\/\/tatto3s.com\/?product=nitro-tech-10lbs-vanilla\",\"url\":\"https:\/\/tatto3s.com\/?product=nitro-tech-10lbs-vanilla\",\"name\":\"NITRO TECH (10lbs) - Vanilla - D\u1ecbch v\u1ee5 x\u0103m h\u00ecnh\",\"isPartOf\":{\"@id\":\"https:\/\/tatto3s.com\/#website\"},\"datePublished\":\"2021-04-15T03:39:28+00:00\",\"dateModified\":\"2021-04-15T03:39:49+00:00\",\"breadcrumb\":{\"@id\":\"https:\/\/tatto3s.com\/?product=nitro-tech-10lbs-vanilla#breadcrumb\"},\"inLanguage\":\"vi\",\"potentialAction\":[{\"@type\":\"ReadAction\",\"target\":[\"https:\/\/tatto3s.com\/?product=nitro-tech-10lbs-vanilla\"]}]},{\"@type\":\"BreadcrumbList\",\"@id\":\"https:\/\/tatto3s.com\/?product=nitro-tech-10lbs-vanilla#breadcrumb\",\"itemListElement\":[{\"@type\":\"ListItem\",\"position\":1,\"name\":\"Home\",\"item\":\"https:\/\/tatto3s.com\/\"},{\"@type\":\"ListItem\",\"position\":2,\"name\":\"SHOP\",\"item\":\"https:\/\/tatto3s.com\/?page_id=10\"},{\"@type\":\"ListItem\",\"position\":3,\"name\":\"NITRO TECH (10lbs) &#8211; Vanilla\"}]},{\"@type\":\"WebSite\",\"@id\":\"https:\/\/tatto3s.com\/#website\",\"url\":\"https:\/\/tatto3s.com\/\",\"name\":\"D\u1ecbch v\u1ee5 x\u0103m h\u00ecnh\",\"description\":\"M\u1ed9t trang web m\u1edbi s\u1eed d\u1ee5ng WordPress\",\"potentialAction\":[{\"@type\":\"SearchAction\",\"target\":{\"@type\":\"EntryPoint\",\"urlTemplate\":\"https:\/\/tatto3s.com\/?s={search_term_string}\"},\"query-input\":\"required name=search_term_string\"}],\"inLanguage\":\"vi\"}]}<\/script>\n<!-- \/ Yoast SEO plugin. -->","yoast_head_json":{"title":"NITRO TECH (10lbs) - Vanilla - D\u1ecbch v\u1ee5 x\u0103m h\u00ecnh","robots":{"index":"index","follow":"follow","max-snippet":"max-snippet:-1","max-image-preview":"max-image-preview:large","max-video-preview":"max-video-preview:-1"},"canonical":"https:\/\/tatto3s.com\/?product=nitro-tech-10lbs-vanilla","og_locale":"vi_VN","og_type":"article","og_title":"NITRO TECH (10lbs) - Vanilla - D\u1ecbch v\u1ee5 x\u0103m h\u00ecnh","og_description":"&#8211; KH\u00d4NG pha tr\u1ed9n t\u1ea1p ch\u1ea5t &#8211; KH\u00d4NG gi\u1ea3m thi\u1ec3u nh\u1eefng th\u00e0nh ph\u1ea7n ch\u00ednh &#8211; KH\u00d4NG c\u00e1c ch\u1ea5t c\u1ea5m &#8211; KH\u00d4NG ch\u1ea5t \u0111\u1ed9n &#8211; KH\u00d4NG qu\u1ea3ng c\u00e1o th\u1ed5i ph\u1ed3ng &#8211; KH\u00d4NG c\u00f3 ngo\u1ea1i l\u1ec7 C\u00f4ng th\u1ee9c Protein c\u00f3 h\u01b0\u01a1ng v\u1ecb t\u1ef1 nhi\u00ean m\u1ea1nh m\u1ebd nh\u1ea5t hi\u1ec7n nay NITRO-TECH NATURALLY FLAVORED l\u00e0 m\u1ed9t c\u00f4ng th\u1ee9c x\u00e2y...","og_url":"https:\/\/tatto3s.com\/?product=nitro-tech-10lbs-vanilla","og_site_name":"D\u1ecbch v\u1ee5 x\u0103m h\u00ecnh","article_modified_time":"2021-04-15T03:39:49+00:00","og_image":[{"url":"https:\/\/tatto3s.com\/wp-content\/uploads\/2021\/04\/nitro-tech-naturally-flavored-4lbs-305.jpg"}],"twitter_card":"summary_large_image","twitter_misc":{"\u01af\u1edbc t\u00ednh th\u1eddi gian \u0111\u1ecdc":"4 ph\u00fat"},"schema":{"@context":"https:\/\/schema.org","@graph":[{"@type":"WebPage","@id":"https:\/\/tatto3s.com\/?product=nitro-tech-10lbs-vanilla","url":"https:\/\/tatto3s.com\/?product=nitro-tech-10lbs-vanilla","name":"NITRO TECH (10lbs) - Vanilla - D\u1ecbch v\u1ee5 x\u0103m h\u00ecnh","isPartOf":{"@id":"https:\/\/tatto3s.com\/#website"},"datePublished":"2021-04-15T03:39:28+00:00","dateModified":"2021-04-15T03:39:49+00:00","breadcrumb":{"@id":"https:\/\/tatto3s.com\/?product=nitro-tech-10lbs-vanilla#breadcrumb"},"inLanguage":"vi","potentialAction":[{"@type":"ReadAction","target":["https:\/\/tatto3s.com\/?product=nitro-tech-10lbs-vanilla"]}]},{"@type":"BreadcrumbList","@id":"https:\/\/tatto3s.com\/?product=nitro-tech-10lbs-vanilla#breadcrumb","itemListElement":[{"@type":"ListItem","position":1,"name":"Home","item":"https:\/\/tatto3s.com\/"},{"@type":"ListItem","position":2,"name":"SHOP","item":"https:\/\/tatto3s.com\/?page_id=10"},{"@type":"ListItem","position":3,"name":"NITRO TECH (10lbs) &#8211; Vanilla"}]},{"@type":"WebSite","@id":"https:\/\/tatto3s.com\/#website","url":"https:\/\/tatto3s.com\/","name":"D\u1ecbch v\u1ee5 x\u0103m h\u00ecnh","description":"M\u1ed9t trang web m\u1edbi s\u1eed d\u1ee5ng WordPress","potentialAction":[{"@type":"SearchAction","target":{"@type":"EntryPoint","urlTemplate":"https:\/\/tatto3s.com\/?s={search_term_string}"},"query-input":"required name=search_term_string"}],"inLanguage":"vi"}]}},"_links":{"self":[{"href":"https:\/\/tatto3s.com\/index.php?rest_route=\/wp\/v2\/product\/310","targetHints":{"allow":["GET"]}}],"collection":[{"href":"https:\/\/tatto3s.com\/index.php?rest_route=\/wp\/v2\/product"}],"about":[{"href":"https:\/\/tatto3s.com\/index.php?rest_route=\/wp\/v2\/types\/product"}],"replies":[{"embeddable":true,"href":"https:\/\/tatto3s.com\/index.php?rest_route=%2Fwp%2Fv2%2Fcomments&post=310"}],"wp:attachment":[{"href":"https:\/\/tatto3s.com\/index.php?rest_route=%2Fwp%2Fv2%2Fmedia&parent=310"}],"wp:term":[{"taxonomy":"product_cat","embeddable":true,"href":"https:\/\/tatto3s.com\/index.php?rest_route=%2Fwp%2Fv2%2Fproduct_cat&post=310"},{"taxonomy":"product_tag","embeddable":true,"href":"https:\/\/tatto3s.com\/index.php?rest_route=%2Fwp%2Fv2%2Fproduct_tag&post=310"}],"curies":[{"name":"wp","href":"https:\/\/api.w.org\/{rel}","templated":true}]}}