{"id":444,"date":"2023-03-24T14:53:22","date_gmt":"2023-03-24T14:53:22","guid":{"rendered":"https:\/\/tatto3s.com\/?post_type=product&#038;p=444"},"modified":"2023-03-24T14:53:23","modified_gmt":"2023-03-24T14:53:23","slug":"sung-xam-hinh-khong-day-mau-den","status":"publish","type":"product","link":"https:\/\/tatto3s.com\/?product=sung-xam-hinh-khong-day-mau-den","title":{"rendered":"S\u00fang X\u0103m H\u00ecnh Kh\u00f4ng D\u00e2y M\u00e0u \u0110en"},"content":{"rendered":"<p class=\"irIKAp\">Gi\u1edbi thi\u1ec7u m\u00e1y x\u0103m kh\u00f4ng d\u00e2y: B\u00fat x\u0103m \u0111\u01b0\u1ee3c ch\u1ea1m kh\u1eafc tinh x\u1ea3o b\u1eb1ng h\u1ee3p kim nh\u00f4m, kho\u1ea3ng c\u00e1ch nh\u1ecf gi\u1eefa c\u00e1c ph\u1ee5 ki\u1ec7n v\u00e0 ph\u1ee5 ki\u1ec7n, ch\u1ed1ng m\u00e0i m\u00f2n, s\u1eed d\u1ee5ng trong th\u1eddi gian d\u00e0i m\u00e0 kh\u00f4ng b\u1ecb n\u00f3ng, tu\u1ed5i th\u1ecd cao. T\u1ed1c \u0111\u1ed9, 10V-10000 r \/ ph\u00fat, m\u1ea1nh m\u1ebd, c\u00f3 th\u1ec3 \u0111\u01b0\u1ee3c s\u1eed d\u1ee5ng \u0111\u1ec3 che b\u00f3ng v\u00e0 l\u00f3t. \u0110\u01b0\u1ee3c k\u1ebft n\u1ed1i b\u1edfi d\u00e2y RCA, \u0111i\u1ec7n \u00e1p l\u00e0m vi\u1ec7c: 7-10V. H\u00e0nh tr\u00ecnh: 4,5 mm, chi\u1ec1u s\u00e2u kim \u0111i\u1ec1u ch\u1ec9nh 1-4,5mm.<\/p>\n<p class=\"irIKAp\">\n<p class=\"irIKAp\">B\u1ed9 pin h\u00ecnh x\u0103m \u2014 C\u00e1c ngh\u1ec7 s\u0129 x\u0103m h\u00ecnh c\u00f3 th\u1ec3 lo\u1ea1i b\u1ecf nh\u1eefng r\u1eafc r\u1ed1i khi \u0111\u1ea5u d\u00e2y m\u00e1y x\u0103m. B\u1ea1n ch\u1ec9 c\u1ea7n xoay thi\u1ebft b\u1ecb c\u1ee7a m\u00ecnh B\u1eacT ho\u1eb7c T\u1eaeT ch\u1ec9 v\u1edbi m\u1ed9t v\u00f2i c\u1ee7a thi\u1ebft b\u1ecb v\u00e0 gi\u00e1 \u0111\u1ee1 ch\u1ed1ng tr\u01b0\u1ee3t t\u00edch h\u1ee3p c\u1ee7a n\u00f3 cho ph\u00e9p thi\u1ebft b\u1ecb \u1edf \u0111\u00fang v\u1ecb tr\u00ed. Thi\u1ebft b\u1ecb n\u00e0y \u0111\u01b0\u1ee3c ch\u1ebf t\u1ea1o v\u1edbi t\u00ednh v\u1ec7 sinh, gi\u1ea3m thi\u1ec3u l\u00e2y nhi\u1ec5m ch\u00e9o \u0111\u1ec3 gi\u1eef cho n\u01a1i l\u00e0m vi\u1ec7c c\u1ee7a b\u1ea1n lu\u00f4n s\u1ea1ch s\u1ebd. \u0110i\u1ec7n \u00e1p \u0111i\u1ec1u ch\u1ec9nh 6V-11V v\u00e0 \u0111\u00e8n b\u00e1o ngu\u1ed3n 20% -100%. N\u00f3 c\u00f3 th\u1ec3 \u0111\u01b0\u1ee3c s\u1ea1c trong 3,5 gi\u1edd v\u00e0 ho\u1ea1t \u0111\u1ed9ng trong 4 gi\u1edd \u1edf 8V.<\/p>\n<p class=\"irIKAp\">\n<p class=\"irIKAp\">\u01afu \u0110I\u1ec2M C\u1ee6A KH\u00d4NG D\u00c2Y: Kh\u00f4ng c\u1ea7n c\u00e1p ngu\u1ed3n, b\u00e0n \u0111\u1ea1p ch\u00e2n h\u00ecnh x\u0103m v\u00e0 d\u00e2y RCA, b\u1ea1n c\u00f3 th\u1ec3 t\u1eadn h\u01b0\u1edfng s\u1ef1 t\u1ef1 do di chuy\u1ec3n t\u1ed1i \u0111a. Ch\u1ec9 c\u1ea7n c\u1eafm pin v\u00e0o b\u00fat x\u0103m v\u00e0 b\u1ea1n c\u00f3 th\u1ec3 b\u1eaft \u0111\u1ea7u.<\/p>\n<p class=\"irIKAp\">\n<p class=\"irIKAp\">G\u00f3i BAO G\u1ed2M: 1pc * b\u00fat x\u0103m, 1pc * pin x\u0103m kh\u00f4ng d\u00e2y<\/p>\n","protected":false},"excerpt":{"rendered":"<p>B\u00fat x\u0103m \u0111\u01b0\u1ee3c ch\u1ea1m kh\u1eafc tinh x\u1ea3o b\u1eb1ng h\u1ee3p kim nh\u00f4m, kho\u1ea3ng c\u00e1ch nh\u1ecf gi\u1eefa c\u00e1c ph\u1ee5 ki\u1ec7n v\u00e0 ph\u1ee5 ki\u1ec7n, ch\u1ed1ng m\u00e0i m\u00f2n, s\u1eed d\u1ee5ng trong th\u1eddi gian d\u00e0i m\u00e0 kh\u00f4ng b\u1ecb n\u00f3ng, tu\u1ed5i th\u1ecd cao<\/p>\n","protected":false},"featured_media":447,"comment_status":"open","ping_status":"closed","template":"","meta":[],"product_cat":[32],"product_tag":[],"class_list":{"0":"post-444","1":"product","2":"type-product","3":"status-publish","4":"has-post-thumbnail","6":"product_cat-phu-kien-xam","8":"first","9":"instock","10":"shipping-taxable","11":"purchasable","12":"product-type-simple"},"yoast_head":"<!-- This site is optimized with the Yoast SEO plugin v20.3 - https:\/\/yoast.com\/wordpress\/plugins\/seo\/ -->\n<title>S\u00fang X\u0103m H\u00ecnh Kh\u00f4ng D\u00e2y M\u00e0u \u0110en - D\u1ecbch v\u1ee5 x\u0103m h\u00ecnh<\/title>\n<meta name=\"robots\" content=\"index, follow, max-snippet:-1, max-image-preview:large, max-video-preview:-1\" \/>\n<link rel=\"canonical\" href=\"https:\/\/tatto3s.com\/?product=sung-xam-hinh-khong-day-mau-den\" \/>\n<meta property=\"og:locale\" content=\"vi_VN\" \/>\n<meta property=\"og:type\" content=\"article\" \/>\n<meta property=\"og:title\" content=\"S\u00fang X\u0103m H\u00ecnh Kh\u00f4ng D\u00e2y M\u00e0u \u0110en - D\u1ecbch v\u1ee5 x\u0103m h\u00ecnh\" \/>\n<meta property=\"og:description\" content=\"B\u00fat x\u0103m \u0111\u01b0\u1ee3c ch\u1ea1m kh\u1eafc tinh x\u1ea3o b\u1eb1ng h\u1ee3p kim nh\u00f4m, kho\u1ea3ng c\u00e1ch nh\u1ecf gi\u1eefa c\u00e1c ph\u1ee5 ki\u1ec7n v\u00e0 ph\u1ee5 ki\u1ec7n, ch\u1ed1ng m\u00e0i m\u00f2n, s\u1eed d\u1ee5ng trong th\u1eddi gian d\u00e0i m\u00e0 kh\u00f4ng b\u1ecb n\u00f3ng, tu\u1ed5i th\u1ecd cao\" \/>\n<meta property=\"og:url\" content=\"https:\/\/tatto3s.com\/?product=sung-xam-hinh-khong-day-mau-den\" \/>\n<meta property=\"og:site_name\" content=\"D\u1ecbch v\u1ee5 x\u0103m h\u00ecnh\" \/>\n<meta property=\"article:modified_time\" content=\"2023-03-24T14:53:23+00:00\" \/>\n<meta property=\"og:image\" content=\"https:\/\/tatto3s.com\/wp-content\/uploads\/2023\/03\/58490141b57a58688e2017b52a9b5549.jpg\" \/>\n\t<meta property=\"og:image:width\" content=\"1024\" \/>\n\t<meta property=\"og:image:height\" content=\"1024\" \/>\n\t<meta property=\"og:image:type\" content=\"image\/jpeg\" \/>\n<meta name=\"twitter:card\" content=\"summary_large_image\" \/>\n<meta name=\"twitter:label1\" content=\"\u01af\u1edbc t\u00ednh th\u1eddi gian \u0111\u1ecdc\" \/>\n\t<meta name=\"twitter:data1\" content=\"2 ph\u00fat\" \/>\n<script type=\"application\/ld+json\" class=\"yoast-schema-graph\">{\"@context\":\"https:\/\/schema.org\",\"@graph\":[{\"@type\":\"WebPage\",\"@id\":\"https:\/\/tatto3s.com\/?product=sung-xam-hinh-khong-day-mau-den\",\"url\":\"https:\/\/tatto3s.com\/?product=sung-xam-hinh-khong-day-mau-den\",\"name\":\"S\u00fang X\u0103m H\u00ecnh Kh\u00f4ng D\u00e2y M\u00e0u \u0110en - D\u1ecbch v\u1ee5 x\u0103m h\u00ecnh\",\"isPartOf\":{\"@id\":\"https:\/\/tatto3s.com\/#website\"},\"datePublished\":\"2023-03-24T14:53:22+00:00\",\"dateModified\":\"2023-03-24T14:53:23+00:00\",\"breadcrumb\":{\"@id\":\"https:\/\/tatto3s.com\/?product=sung-xam-hinh-khong-day-mau-den#breadcrumb\"},\"inLanguage\":\"vi\",\"potentialAction\":[{\"@type\":\"ReadAction\",\"target\":[\"https:\/\/tatto3s.com\/?product=sung-xam-hinh-khong-day-mau-den\"]}]},{\"@type\":\"BreadcrumbList\",\"@id\":\"https:\/\/tatto3s.com\/?product=sung-xam-hinh-khong-day-mau-den#breadcrumb\",\"itemListElement\":[{\"@type\":\"ListItem\",\"position\":1,\"name\":\"Home\",\"item\":\"https:\/\/tatto3s.com\/\"},{\"@type\":\"ListItem\",\"position\":2,\"name\":\"SHOP\",\"item\":\"https:\/\/tatto3s.com\/?page_id=10\"},{\"@type\":\"ListItem\",\"position\":3,\"name\":\"S\u00fang X\u0103m H\u00ecnh Kh\u00f4ng D\u00e2y M\u00e0u \u0110en\"}]},{\"@type\":\"WebSite\",\"@id\":\"https:\/\/tatto3s.com\/#website\",\"url\":\"https:\/\/tatto3s.com\/\",\"name\":\"D\u1ecbch v\u1ee5 x\u0103m h\u00ecnh\",\"description\":\"M\u1ed9t trang web m\u1edbi s\u1eed d\u1ee5ng WordPress\",\"potentialAction\":[{\"@type\":\"SearchAction\",\"target\":{\"@type\":\"EntryPoint\",\"urlTemplate\":\"https:\/\/tatto3s.com\/?s={search_term_string}\"},\"query-input\":\"required name=search_term_string\"}],\"inLanguage\":\"vi\"}]}<\/script>\n<!-- \/ Yoast SEO plugin. -->","yoast_head_json":{"title":"S\u00fang X\u0103m H\u00ecnh Kh\u00f4ng D\u00e2y M\u00e0u \u0110en - D\u1ecbch v\u1ee5 x\u0103m h\u00ecnh","robots":{"index":"index","follow":"follow","max-snippet":"max-snippet:-1","max-image-preview":"max-image-preview:large","max-video-preview":"max-video-preview:-1"},"canonical":"https:\/\/tatto3s.com\/?product=sung-xam-hinh-khong-day-mau-den","og_locale":"vi_VN","og_type":"article","og_title":"S\u00fang X\u0103m H\u00ecnh Kh\u00f4ng D\u00e2y M\u00e0u \u0110en - D\u1ecbch v\u1ee5 x\u0103m h\u00ecnh","og_description":"B\u00fat x\u0103m \u0111\u01b0\u1ee3c ch\u1ea1m kh\u1eafc tinh x\u1ea3o b\u1eb1ng h\u1ee3p kim nh\u00f4m, kho\u1ea3ng c\u00e1ch nh\u1ecf gi\u1eefa c\u00e1c ph\u1ee5 ki\u1ec7n v\u00e0 ph\u1ee5 ki\u1ec7n, ch\u1ed1ng m\u00e0i m\u00f2n, s\u1eed d\u1ee5ng trong th\u1eddi gian d\u00e0i m\u00e0 kh\u00f4ng b\u1ecb n\u00f3ng, tu\u1ed5i th\u1ecd cao","og_url":"https:\/\/tatto3s.com\/?product=sung-xam-hinh-khong-day-mau-den","og_site_name":"D\u1ecbch v\u1ee5 x\u0103m h\u00ecnh","article_modified_time":"2023-03-24T14:53:23+00:00","og_image":[{"width":1024,"height":1024,"url":"https:\/\/tatto3s.com\/wp-content\/uploads\/2023\/03\/58490141b57a58688e2017b52a9b5549.jpg","type":"image\/jpeg"}],"twitter_card":"summary_large_image","twitter_misc":{"\u01af\u1edbc t\u00ednh th\u1eddi gian \u0111\u1ecdc":"2 ph\u00fat"},"schema":{"@context":"https:\/\/schema.org","@graph":[{"@type":"WebPage","@id":"https:\/\/tatto3s.com\/?product=sung-xam-hinh-khong-day-mau-den","url":"https:\/\/tatto3s.com\/?product=sung-xam-hinh-khong-day-mau-den","name":"S\u00fang X\u0103m H\u00ecnh Kh\u00f4ng D\u00e2y M\u00e0u \u0110en - D\u1ecbch v\u1ee5 x\u0103m h\u00ecnh","isPartOf":{"@id":"https:\/\/tatto3s.com\/#website"},"datePublished":"2023-03-24T14:53:22+00:00","dateModified":"2023-03-24T14:53:23+00:00","breadcrumb":{"@id":"https:\/\/tatto3s.com\/?product=sung-xam-hinh-khong-day-mau-den#breadcrumb"},"inLanguage":"vi","potentialAction":[{"@type":"ReadAction","target":["https:\/\/tatto3s.com\/?product=sung-xam-hinh-khong-day-mau-den"]}]},{"@type":"BreadcrumbList","@id":"https:\/\/tatto3s.com\/?product=sung-xam-hinh-khong-day-mau-den#breadcrumb","itemListElement":[{"@type":"ListItem","position":1,"name":"Home","item":"https:\/\/tatto3s.com\/"},{"@type":"ListItem","position":2,"name":"SHOP","item":"https:\/\/tatto3s.com\/?page_id=10"},{"@type":"ListItem","position":3,"name":"S\u00fang X\u0103m H\u00ecnh Kh\u00f4ng D\u00e2y M\u00e0u \u0110en"}]},{"@type":"WebSite","@id":"https:\/\/tatto3s.com\/#website","url":"https:\/\/tatto3s.com\/","name":"D\u1ecbch v\u1ee5 x\u0103m h\u00ecnh","description":"M\u1ed9t trang web m\u1edbi s\u1eed d\u1ee5ng WordPress","potentialAction":[{"@type":"SearchAction","target":{"@type":"EntryPoint","urlTemplate":"https:\/\/tatto3s.com\/?s={search_term_string}"},"query-input":"required name=search_term_string"}],"inLanguage":"vi"}]}},"_links":{"self":[{"href":"https:\/\/tatto3s.com\/index.php?rest_route=\/wp\/v2\/product\/444","targetHints":{"allow":["GET"]}}],"collection":[{"href":"https:\/\/tatto3s.com\/index.php?rest_route=\/wp\/v2\/product"}],"about":[{"href":"https:\/\/tatto3s.com\/index.php?rest_route=\/wp\/v2\/types\/product"}],"replies":[{"embeddable":true,"href":"https:\/\/tatto3s.com\/index.php?rest_route=%2Fwp%2Fv2%2Fcomments&post=444"}],"wp:featuredmedia":[{"embeddable":true,"href":"https:\/\/tatto3s.com\/index.php?rest_route=\/wp\/v2\/media\/447"}],"wp:attachment":[{"href":"https:\/\/tatto3s.com\/index.php?rest_route=%2Fwp%2Fv2%2Fmedia&parent=444"}],"wp:term":[{"taxonomy":"product_cat","embeddable":true,"href":"https:\/\/tatto3s.com\/index.php?rest_route=%2Fwp%2Fv2%2Fproduct_cat&post=444"},{"taxonomy":"product_tag","embeddable":true,"href":"https:\/\/tatto3s.com\/index.php?rest_route=%2Fwp%2Fv2%2Fproduct_tag&post=444"}],"curies":[{"name":"wp","href":"https:\/\/api.w.org\/{rel}","templated":true}]}}